{"id":309,"date":"2016-12-09T07:34:03","date_gmt":"2016-12-09T07:34:03","guid":{"rendered":"http:\/\/localhost\/buildpro\/?page_id=309"},"modified":"2025-02-19T22:52:28","modified_gmt":"2025-02-20T01:52:28","slug":"institucional","status":"publish","type":"page","link":"https:\/\/staging.impactomaquinas.com.br\/es\/institucional\/","title":{"rendered":"Institucional"},"content":{"rendered":"<div class=\"wpb-content-wrapper\"><section class=\"vc_rows wpb_row vc_row-fluid vc_custom_1738768252427\"><div class=\"container\"><div class=\"row\"><div class=\"wpb_column vc_column_container vc_col-sm-12 vc_col-md-9\"><div class=\"vc_column-inner\"><div class=\"wpb_wrapper\"><div class=\"vc_row wpb_row vc_inner vc_row-fluid\"><div class=\"wpb_column vc_column_container vc_col-sm-12 vc_col-md-6\"><div class=\"vc_column-inner\"><div class=\"wpb_wrapper\">\n\t<div  class=\"wpb_single_image wpb_content_element vc_align_left wpb_content_element\">\n\t\t\n\t\t<figure class=\"wpb_wrapper vc_figure\">\n\t\t\t<div class=\"vc_single_image-wrapper vc_box_rounded  vc_box_border_grey\"><img fetchpriority=\"high\" decoding=\"async\" width=\"1200\" height=\"1044\" src=\"https:\/\/staging.impactomaquinas.com.br\/wp-content\/uploads\/2025\/02\/evento-IM2-v3.jpg\" class=\"vc_single_image-img attachment-full\" alt=\"\" title=\"evento IM2 v3\" srcset=\"https:\/\/staging.impactomaquinas.com.br\/wp-content\/uploads\/2025\/02\/evento-IM2-v3.jpg 1200w, https:\/\/staging.impactomaquinas.com.br\/wp-content\/uploads\/2025\/02\/evento-IM2-v3-300x261.jpg 300w, https:\/\/staging.impactomaquinas.com.br\/wp-content\/uploads\/2025\/02\/evento-IM2-v3-1024x891.jpg 1024w, https:\/\/staging.impactomaquinas.com.br\/wp-content\/uploads\/2025\/02\/evento-IM2-v3-768x668.jpg 768w, https:\/\/staging.impactomaquinas.com.br\/wp-content\/uploads\/2025\/02\/evento-IM2-v3-14x12.jpg 14w\" sizes=\"(max-width: 1200px) 100vw, 1200px\" \/><\/div>\n\t\t<\/figure>\n\t<\/div>\n<\/div><\/div><\/div><div class=\"wpb_column vc_column_container vc_col-sm-12 vc_col-md-6\"><div class=\"vc_column-inner\"><div class=\"wpb_wrapper\"><h3 style=\"color: #111111;text-align: left\" class=\"vc_custom_heading vc_do_custom_heading\" >Tecnologia e inova\u00e7\u00e3o para SUA SERRARIA CRESCER<\/h3>\n\t<div class=\"wpb_text_column wpb_content_element\" >\n\t\t<div class=\"wpb_wrapper\">\n\t\t\t<p>Fundada em 2010, com o objetivo de produzir m\u00e1quinas para o Setor Madeireiro, visando aumento de produtividade e melhor qualidade do material processado, o fundador Daniel Engel, inicia a Empresa na cidade de Lages.<\/p>\n<p>O primeiro produto foi um Gradeador Autom\u00e1tico de Madeiras, que foi desenvolvido para uma Empresa da regi\u00e3o, sendo este o in\u00edcio de uma trajet\u00f3ria de sucessos e desafios.<\/p>\n<p>A Impacto \u00e9 uma empresa metal\u00fargica localizada no interior de Santa Catarina, especializada na produ\u00e7\u00e3o de m\u00e1quinas voltadas para o setor madeireiro, que desempenha um papel crucial na ind\u00fastria nacional, fornecendo equipamentos que auxiliam na transforma\u00e7\u00e3o e processamento da madeira, incluindo desde m\u00e1quinas para corte, at\u00e9 equipamentos mais avan\u00e7ados para a automa\u00e7\u00e3o de processos.<\/p>\n<p>Acreditando sempre num futuro mais promissor, em 2020, a Empresa decidiu ampliar e modernizar sua \u00e1rea fabril. Atualmente possui um portf\u00f3lio completo de m\u00e1quinas, se destacando pela qualidade e confiabilidade dos equipamentos. Investindo sempre em automa\u00e7\u00e3o para possibilitar ao Cliente um ganho de efici\u00eancia e produtividade, viabilizando o investimento com retorno garantido no menor tempo poss\u00edvel.<\/p>\n\n\t\t<\/div>\n\t<\/div>\n<\/div><\/div><\/div><\/div><div class=\"vc_row wpb_row vc_inner vc_row-fluid vc_custom_1739216676622 vc_row-has-fill vc_row-o-content-middle vc_row-flex\"><div class=\"wpb_column vc_column_container vc_col-sm-12 vc_col-md-12\"><div class=\"vc_column-inner\"><div class=\"wpb_wrapper\">\n\t<div class=\"wpb_text_column wpb_content_element vc_custom_1738961003431\" >\n\t\t<div class=\"wpb_wrapper\">\n\t\t\t<h2><span>\u00bfQu\u00e9 dicen de nosotros?<span class=\"tiny-border\">x<\/span><\/span><\/h2>\n\n\t\t<\/div>\n\t<\/div>\n<div class=\"vc_tta-container vc_tta-o-non-responsive\" data-vc-action=\"collapse\" data-vc-tta-autoplay=\"{&quot;delay&quot;:5000}\"><div class=\"vc_general vc_tta vc_tta-tabs vc_tta-o-shape-group vc_tta-has-pagination vc_tta-o-no-fill vc_tta-tabs-position-top  vc_tta-pageable wpb_animate_when_almost_visible wpb_fadeInDown fadeInDown\"><div class=\"vc_tta-panels-container\"><ul class=\"vc_general vc_pagination vc_pagination-style-flat vc_pagination-shape-rounded vc_pagination-color-orange\"><li class=\"vc_pagination-item vc_active\" data-vc-tab><a href=\"#1739216721851-ccf447c5-93f7\" class=\"vc_pagination-trigger\" data-vc-tabs data-vc-container=\".vc_tta\"><\/a><\/li><li class=\"vc_pagination-item\" data-vc-tab><a href=\"#1739216721852-107bcf58-c486\" class=\"vc_pagination-trigger\" data-vc-tabs data-vc-container=\".vc_tta\"><\/a><\/li><\/ul><div class=\"vc_tta-panels\"><div  class=\"vc_tta-panel vc_active\" id=\"1739216721851-ccf447c5-93f7\" data-vc-content=\".vc_tta-panel-body\"><div class=\"vc_tta-panel-body\">\n\t\t\t<span class=\"vc_tta-panel-title\">\n\t\t\t\t<a  data-vc-container=\".vc_tta-container\" data-vc-accordion=\"\" data-vc-target=\"#1739216721851-ccf447c5-93f7\"><\/a>\n\t\t\t<\/span>\n\t\t\n\t<div class=\"wpb_text_column wpb_content_element\" >\n\t\t<div class=\"wpb_wrapper\">\n\t\t\t<blockquote>\n<p><strong>Madeireira Daiane Tom\u00e9 ME<\/strong><\/p>\n<p style=\"text-align: center;\">La empresa Gramados apost\u00f3 por la reciente asociaci\u00f3n con Impacto por las m\u00e1quinas de calidad, que satisfacen las necesidades en el escenario actual del mercado el precio competitivo, y el excelente soporte t\u00e9cnico.<\/p>\n<p style=\"text-align: right;\"><strong>Cleison Tome &#8211; S\u00f3cio Diretor da Madeireira Daiane Tom\u00e9 ME<\/strong><\/p>\n<\/blockquote>\n\n\t\t<\/div>\n\t<\/div>\n<\/div><\/div><div  class=\"vc_tta-panel\" id=\"1739216721852-107bcf58-c486\" data-vc-content=\".vc_tta-panel-body\"><div class=\"vc_tta-panel-body\">\n\t\t\t<span class=\"vc_tta-panel-title\">\n\t\t\t\t<a  data-vc-container=\".vc_tta-container\" data-vc-accordion=\"\" data-vc-target=\"#1739216721852-107bcf58-c486\"><\/a>\n\t\t\t<\/span>\n\t\t\n\t<div class=\"wpb_text_column wpb_content_element\" >\n\t\t<div class=\"wpb_wrapper\">\n\t\t\t<blockquote>\n<p><strong>Madeireira Gramados LTDA<\/strong><\/p>\n<p style=\"text-align: center;\">La empresa Gramados apost\u00f3 por la reciente asociaci\u00f3n con Impacto por las m\u00e1quinas de calidad, que satisfacen las necesidades en el escenario actual del mercado el precio competitivo, y el excelente soporte t\u00e9cnico.<\/p>\n<p style=\"text-align: right;\"><strong>R\u00f4mulo Andr\u00e9 Oneda &#8211; Diretor da Madeireira Gramados LTDA.<\/strong><\/p>\n<\/blockquote>\n\n\t\t<\/div>\n\t<\/div>\n<\/div><\/div><\/div><\/div><\/div><\/div><\/div><\/div><\/div><\/div><\/div><\/div><\/div><div class=\"wpb_column vc_column_container vc_col-sm-12 vc_col-md-3\"><div class=\"vc_column-inner\"><div class=\"wpb_wrapper\"><div class=\"vc_row wpb_row vc_inner vc_row-fluid\"><div class=\"bg-box padd30 wpb_column vc_column_container vc_col-sm-12 vc_col-md-12\"><div class=\"vc_column-inner\"><div class=\"wpb_wrapper\">\n\t\t<div class=\"feature-box-small-icon\">\n        <span class=\"icon\">\n        \t<i class=\"icon-target id-color\"><\/i>\n        <\/span>\n        <div class=\"text\">\n            <h3>Nossa miss\u00e3o<\/h3>\n            Oferecer solu\u00e7\u00f5es de projetos e equipamentos personalizados no segmento em que atua, buscando otimiza\u00e7\u00e3o dos recursos dispon\u00edveis e a preserva\u00e7\u00e3o socioambiental.        <\/div>\n    <\/div>\n    \n<\/div><\/div><\/div><\/div><div class=\"vc_row wpb_row vc_inner vc_row-fluid vc_custom_1481535311301\"><div class=\"bg-box padd30 wpb_column vc_column_container vc_col-sm-12 vc_col-md-12\"><div class=\"vc_column-inner\"><div class=\"wpb_wrapper\">\n\t\t<div class=\"feature-box-small-icon\">\n        <span class=\"icon\">\n        \t<i class=\"fa fa-eye id-color\"><\/i>\n        <\/span>\n        <div class=\"text\">\n            <h3>Nossa vis\u00e3o<\/h3>\n            Ser reconocida nacionalmente como una refer\u00eancia en soluciones de automaci\u00f3n, tecnolog\u00eda e innovaci\u00f3n para m\u00e1quinas y equipos del sector de madera  aserrada        <\/div>\n    <\/div>\n    \n<\/div><\/div><\/div><\/div><\/div><\/div><\/div><\/div><\/div><div class=\"clearfix\"><\/div><\/section>\n<\/div>","protected":false},"excerpt":{"rendered":"Tecnologia e inova\u00e7\u00e3o para SUA SERRARIA CRESCER Fundada em 2010, com o objetivo de produzir m\u00e1quinas para o Setor Madeireiro, visando aumento de produtividade e melhor qualidade do material processado, o fundador Daniel Engel, inicia a Empresa na cidade de Lages. O primeiro produto foi um Gradeador Autom\u00e1tico de Madeiras, que foi desenvolvido para uma [...]","protected":false},"author":1,"featured_media":0,"parent":0,"menu_order":0,"comment_status":"closed","ping_status":"closed","template":"page-templates\/template-fullwidth.php","meta":{"_joinchat":[],"footnotes":""},"class_list":["post-309","page","type-page","status-publish","hentry"],"_links":{"self":[{"href":"https:\/\/staging.impactomaquinas.com.br\/es\/wp-json\/wp\/v2\/pages\/309","targetHints":{"allow":["GET"]}}],"collection":[{"href":"https:\/\/staging.impactomaquinas.com.br\/es\/wp-json\/wp\/v2\/pages"}],"about":[{"href":"https:\/\/staging.impactomaquinas.com.br\/es\/wp-json\/wp\/v2\/types\/page"}],"author":[{"embeddable":true,"href":"https:\/\/staging.impactomaquinas.com.br\/es\/wp-json\/wp\/v2\/users\/1"}],"replies":[{"embeddable":true,"href":"https:\/\/staging.impactomaquinas.com.br\/es\/wp-json\/wp\/v2\/comments?post=309"}],"version-history":[{"count":23,"href":"https:\/\/staging.impactomaquinas.com.br\/es\/wp-json\/wp\/v2\/pages\/309\/revisions"}],"predecessor-version":[{"id":4427,"href":"https:\/\/staging.impactomaquinas.com.br\/es\/wp-json\/wp\/v2\/pages\/309\/revisions\/4427"}],"wp:attachment":[{"href":"https:\/\/staging.impactomaquinas.com.br\/es\/wp-json\/wp\/v2\/media?parent=309"}],"curies":[{"name":"wp","href":"https:\/\/api.w.org\/{rel}","templated":true}]}}