{"id":4361,"date":"2025-01-15T16:12:08","date_gmt":"2025-01-15T19:12:08","guid":{"rendered":"https:\/\/staging.impactomaquinas.com.br\/?page_id=4361"},"modified":"2025-02-10T16:56:10","modified_gmt":"2025-02-10T19:56:10","slug":"equipamentos-agro","status":"publish","type":"page","link":"https:\/\/staging.impactomaquinas.com.br\/en\/equipamentos-agro\/","title":{"rendered":"M\u00e1quinas Agr\u00edcolas"},"content":{"rendered":"<div class=\"wpb-content-wrapper\"><section class=\"vc_rows wpb_row vc_row-fluid vc_custom_1481011115060\"><div class=\"container\"><div class=\"row\"><div class=\"wpb_column vc_column_container vc_col-sm-12\"><div class=\"vc_column-inner\"><div class=\"wpb_wrapper\"><\/div><\/div><\/div><\/div><\/div><div class=\"clearfix\"><\/div><\/section><section id=\"grade-maquinas\" class=\"vc_rows wpb_row vc_row-fluid\"><div class=\"container\"><div class=\"row\"><div class=\"wpb_column vc_column_container vc_col-sm-12\"><div class=\"vc_column-inner\"><div class=\"wpb_wrapper\">\n<div class=\"vc_grid-container-wrapper vc_clearfix vc_grid-animation-fadeInRight\">\n\t<div class=\"vc_grid-container vc_clearfix wpb_content_element vc_basic_grid\" data-initial-loading-animation=\"fadeInRight\" data-vc-grid-settings=\"{&quot;page_id&quot;:4361,&quot;style&quot;:&quot;all&quot;,&quot;action&quot;:&quot;vc_get_vc_grid_data&quot;,&quot;shortcode_id&quot;:&quot;1739217353180-ab408ad0e14eecc016239e2afbe98bc2-5&quot;,&quot;tag&quot;:&quot;vc_basic_grid&quot;}\" data-vc-request=\"https:\/\/staging.impactomaquinas.com.br\/wp-admin\/admin-ajax.php\" data-vc-post-id=\"4361\" data-vc-public-nonce=\"1d1ad70e15\">\n\t\t<style data-type=\"vc_shortcodes-custom-css\">.vc_custom_1614107606216{border-top-width: 2px !important;border-right-width: 2px !important;border-bottom-width: 2px !important;border-left-width: 2px !important;border-left-style: s\u00f3lido !important;border-right-style: s\u00f3lido !important;border-top-style: s\u00f3lido !important;border-bottom-style: s\u00f3lido !important;}.vc_custom_1612899171002{border-top-width: 4px !important;border-top-style: s\u00f3lido !important;}.vc_custom_1611170619995{background-color: rgba(0,0,0,0.75) !important;*background-color: rgb(0,0,0) !important;}.vc_custom_1611171086796{margin-bottom: 0px !important;padding-bottom: 0px !important;}.vc_custom_1611170671555{margin-top: 5px !important;margin-bottom: 5px !important;padding-top: 0px !important;padding-right: 0px !important;padding-bottom: 0px !important;padding-left: 0px !important;}<\/style><div class=\"vc_grid vc_row vc_grid-gutter-10px vc_pageable-wrapper vc_hook_hover\" data-vc-pageable-content=\"true\"><div class=\"vc_pageable-slide-wrapper vc_clearfix\" data-vc-grid-content=\"true\"><div class=\"vc_grid-item vc_clearfix vc_col-sm-4 vc_grid-item-zone-c-bottom\"><div class=\"vc_grid-item-mini vc_clearfix\"><div class=\"vc_gitem-animated-block  vc_gitem-animate vc_gitem-animate-scaleIn\"  data-vc-animation=\"scaleIn\"><div class=\"vc_gitem-zone vc_gitem-zone-a vc_custom_1614107606216 vc-gitem-zone-height-mode-auto vc-gitem-zone-height-mode-auto-4-3 vc_gitem-is-link\" style=\"background-image: url('https:\/\/staging.impactomaquinas.com.br\/wp-content\/uploads\/2025\/01\/IMG_20240814_163214462_HDR-scaled.jpg') !important;\"><a href=\"https:\/\/staging.impactomaquinas.com.br\/en\/portfolio\/impacttus-20000-12000-e-8000\/\" title=\"Impacttus 20000, 12000 e 8000\" class=\"vc_gitem-link vc-zone-link\" ><\/a><img decoding=\"async\" class=\"vc_gitem-zone-img\" src=\"https:\/\/staging.impactomaquinas.com.br\/wp-content\/uploads\/2025\/01\/IMG_20240814_163214462_HDR-scaled.jpg\" alt=\"teste\" loading=\"lazy\"><div class=\"vc_gitem-zone-mini\"><\/div><\/div><div class=\"vc_gitem-zone vc_gitem-zone-b vc-gitem-zone-height-mode-auto vc_gitem-is-link\"><a href=\"https:\/\/staging.impactomaquinas.com.br\/en\/portfolio\/impacttus-20000-12000-e-8000\/\" title=\"Impacttus 20000, 12000 e 8000\" class=\"vc_gitem-link vc-zone-link\" ><\/a><div class=\"vc_gitem-zone-mini\"><div class=\"vc_gitem_row vc_row vc_gitem-row-position-bottom\"><div class=\"vc_col-sm-12 vc_gitem-col vc_gitem-col-align- vc_custom_1611170619995\"><div class=\"vc_custom_heading vc_custom_1611171086796 vc_gitem-post-data vc_gitem-post-data-source-post_title\" ><div style=\"color: #ffffff;text-align: center\" >Impacttus 20000, 12000 e 8000<\/div><\/div><div class=\"vc_separator wpb_content_element vc_separator_align_center vc_sep_width_30 vc_sep_pos_align_center vc_separator_no_text vc_custom_1611170671555 wpb_content_element  vc_custom_1611170671555 wpb_content_element\" ><span class=\"vc_sep_holder vc_sep_holder_l\"><span style=\"border-color:#eedc41;\" class=\"vc_sep_line\"><\/span><\/span><span class=\"vc_sep_holder vc_sep_holder_r\"><span style=\"border-color:#eedc41;\" class=\"vc_sep_line\"><\/span><\/span>\n<\/div><div class=\"vc_custom_heading vc_gitem-post-data vc_gitem-post-data-source-post_excerpt\" ><div style=\"color: #ffffff;text-align: justify\" ><p>IMPACTTUS Precis\u00e3o e excel\u00eancia na distribui\u00e7\u00e3o de fertilizantes<\/p>\n<\/div><\/div><\/div><\/div><\/div><\/div><\/div><div class=\"vc_gitem-zone vc_gitem-zone-c\"><div class=\"vc_gitem-zone-mini\"><div class=\"vc_gitem_row vc_row vc_gitem-row-position-top\"><div class=\"vc_col-sm-12 vc_gitem-col vc_gitem-col-align-\"><div class=\"vc_custom_heading vc_gitem-post-data vc_gitem-post-data-source-post_title\" ><div style=\"font-size: 16px;color: #0a0a0a;text-align: center\" ><a href=\"https:\/\/staging.impactomaquinas.com.br\/en\/portfolio\/impacttus-20000-12000-e-8000\/\" class=\"vc_gitem-link\" title=\"Impacttus 20000, 12000 e 8000\">Impacttus 20000, 12000 e 8000<\/a><\/div><\/div><\/div><\/div><\/div><\/div><\/div><div class=\"vc_clearfix\"><\/div><\/div><\/div><\/div>\n\t<\/div>\n<\/div><\/div><\/div><\/div><\/div><\/div><div class=\"clearfix\"><\/div><\/section><section class=\"vc_rows wpb_row vc_row-fluid bg-color vc_custom_1612896634616\"><div class=\"container\"><div class=\"row\"><div class=\"wpb_column vc_column_container vc_col-sm-12\"><div class=\"vc_column-inner\"><div class=\"wpb_wrapper\">\n\t<div class=\"row call-to-action\">\n\t\t<div class=\"col-md-8\">\n\t        <h3 class=\"mt10\">Request your budget directly on the website<\/h3>\n\t    <\/div>\n\t    <div class=\"col-md-4 text-right\">\n\t    \t<a class=\"btn btn-line-black btn-fx\" href=\"https:\/\/staging.impactomaquinas.com.br\/en\/solicite-um-orcamento\/\" target=\"_self\">Request now<\/a>\t    <\/div>\n    <\/div>\n\n<\/div><\/div><\/div><\/div><\/div><div class=\"clearfix\"><\/div><\/section>\n<\/div>","protected":false},"excerpt":{"rendered":"Impacttus 20000, 12000 e 8000 IMPACTTUS Precis\u00e3o e excel\u00eancia na distribui\u00e7\u00e3o de fertilizantes Impacttus 20000, 12000 e 8000 Solicite o seu or\u00e7amento diretamente pelo site Solicitar agora","protected":false},"author":1,"featured_media":0,"parent":0,"menu_order":0,"comment_status":"closed","ping_status":"closed","template":"page-templates\/template-fullwidth.php","meta":{"_joinchat":[],"footnotes":""},"class_list":["post-4361","page","type-page","status-publish","hentry"],"_links":{"self":[{"href":"https:\/\/staging.impactomaquinas.com.br\/en\/wp-json\/wp\/v2\/pages\/4361","targetHints":{"allow":["GET"]}}],"collection":[{"href":"https:\/\/staging.impactomaquinas.com.br\/en\/wp-json\/wp\/v2\/pages"}],"about":[{"href":"https:\/\/staging.impactomaquinas.com.br\/en\/wp-json\/wp\/v2\/types\/page"}],"author":[{"embeddable":true,"href":"https:\/\/staging.impactomaquinas.com.br\/en\/wp-json\/wp\/v2\/users\/1"}],"replies":[{"embeddable":true,"href":"https:\/\/staging.impactomaquinas.com.br\/en\/wp-json\/wp\/v2\/comments?post=4361"}],"version-history":[{"count":6,"href":"https:\/\/staging.impactomaquinas.com.br\/en\/wp-json\/wp\/v2\/pages\/4361\/revisions"}],"predecessor-version":[{"id":4420,"href":"https:\/\/staging.impactomaquinas.com.br\/en\/wp-json\/wp\/v2\/pages\/4361\/revisions\/4420"}],"wp:attachment":[{"href":"https:\/\/staging.impactomaquinas.com.br\/en\/wp-json\/wp\/v2\/media?parent=4361"}],"curies":[{"name":"wp","href":"https:\/\/api.w.org\/{rel}","templated":true}]}}