{"id":1550,"date":"2021-03-05T13:28:07","date_gmt":"2021-03-05T16:28:07","guid":{"rendered":"https:\/\/staging.impactomaquinas.com.br\/?page_id=1550"},"modified":"2021-03-05T19:01:37","modified_gmt":"2021-03-05T22:01:37","slug":"solicite-um-orcamento","status":"publish","type":"page","link":"https:\/\/staging.impactomaquinas.com.br\/en\/solicite-um-orcamento\/","title":{"rendered":"Request a Quote"},"content":{"rendered":"<div class=\"wpb-content-wrapper\"><section class=\"vc_rows wpb_row vc_row-fluid\"><div class=\"container\"><div class=\"row\"><div class=\"wpb_column vc_column_container vc_col-sm-10\"><div class=\"vc_column-inner\"><div class=\"wpb_wrapper\">\n<div class=\"wpcf7 no-js\" id=\"wpcf7-f1417-o1\" lang=\"pt-BR\" dir=\"ltr\" data-wpcf7-id=\"1417\">\n<div class=\"screen-reader-response\"><p role=\"status\" aria-live=\"polite\" aria-atomic=\"true\"><\/p> <ul><\/ul><\/div>\n<form action=\"\/wp-json\/wp\/v2\/pages\/1550\" method=\"post\" class=\"wpcf7-form init\" aria-label=\"Formul\u00e1rios de contato\" novalidate=\"novalidate\" data-status=\"init\" data-trp-original-action=\"\/en\/wp-json\/wp\/v2\/pages\/1550#wpcf7-f1417-o1\">\n<div style=\"display: none;\">\n<input type=\"hidden\" name=\"_wpcf7\" value=\"1417\" \/>\n<input type=\"hidden\" name=\"_wpcf7_version\" value=\"6.0.1\" \/>\n<input type=\"hidden\" name=\"_wpcf7_locale\" value=\"pt_BR\" \/>\n<input type=\"hidden\" name=\"_wpcf7_unit_tag\" value=\"wpcf7-f1417-o1\" \/>\n<input type=\"hidden\" name=\"_wpcf7_container_post\" value=\"0\" \/>\n<input type=\"hidden\" name=\"_wpcf7_posted_data_hash\" value=\"\" \/>\n<input type=\"hidden\" name=\"_wpcf7_recaptcha_response\" value=\"\" \/>\n<\/div>\n<div id=\"contact_form\" class=\"padding30\" data-bgcolor=\"#f5f5f5\">\n\t<h3>Budget request <span class=\"tiny-border\"><\/span>\n\t<\/h3>\n\t<div class=\"row\">\n\t\t<div class=\"col-sm-6\">\n\t\t\t<div>\n\t\t\t\t<p><label for=\"solicitantef\">Solicitante<\/label><br \/>\n<span class=\"wpcf7-form-control-wrap\" data-name=\"solicitante\"><input size=\"40\" maxlength=\"400\" class=\"wpcf7-form-control wpcf7-text wpcf7-validates-as-required form-control\" id=\"solicitantefield\" aria-required=\"true\" aria-invalid=\"false\" placeholder=\"Your name\" value=\"\" type=\"text\" name=\"solicitante\" \/><\/span>\n\t\t\t\t<\/p>\n\t\t\t<\/div>\n\t\t\t<div>\n\t\t\t\t<p><label for=\"localizacaof\">Cidade onde ser\u00e1 entregue<\/label><br \/>\n<span class=\"wpcf7-form-control-wrap\" data-name=\"localizacao\"><input size=\"40\" maxlength=\"400\" class=\"wpcf7-form-control wpcf7-text wpcf7-validates-as-required form-control\" id=\"localizacaof\" aria-required=\"true\" aria-invalid=\"false\" placeholder=\"Pa\u00eds - Estado - Cidade\" value=\"\" type=\"text\" name=\"localizacao\" \/><\/span>\n\t\t\t\t<\/p>\n\t\t\t<\/div>\n\t\t<\/div>\n\t\t<div class=\"col-sm-6\">\n\t\t\t<div>\n\t\t\t\t<p><label for=\"emailf\">E-mail<\/label><br \/>\n<span class=\"wpcf7-form-control-wrap\" data-name=\"email\"><input size=\"40\" maxlength=\"400\" class=\"wpcf7-form-control wpcf7-email wpcf7-validates-as-required wpcf7-text wpcf7-validates-as-email form-control\" id=\"emailf\" aria-required=\"true\" aria-invalid=\"false\" placeholder=\"Poder\u00e1 ser usado para contato\" value=\"\" type=\"email\" name=\"email\" \/><\/span>\n\t\t\t\t<\/p>\n\t\t\t<\/div>\n\t\t\t<div>\n\t\t\t\t<p><label for=\"telefonef\">Telefone\/WhatsApp para contato<\/label><br \/>\n<span class=\"wpcf7-form-control-wrap\" data-name=\"telefone\"><input size=\"40\" maxlength=\"14\" class=\"wpcf7-form-control wpcf7-tel wpcf7-validates-as-required wpcf7-text wpcf7-validates-as-tel form-control\" id=\"telefonef\" aria-required=\"true\" aria-invalid=\"false\" placeholder=\"Poder\u00e1 ser usado para contato\" value=\"\" type=\"tel\" name=\"telefone\" \/><\/span>\n\t\t\t\t<\/p>\n\t\t\t<\/div>\n\t\t<\/div>\n\t\t<div class=\"col-sm-12\">\n\t\t\t<h3><br \/>\nSelect the machines and equipment you want to quote:<span class=\"tiny-border\"><\/span>\n\t\t\t<\/h3>\n\t\t\t<h5>Stackers\n\t\t\t<\/h5>\n\t\t\t<p><span class=\"wpcf7-form-control-wrap\" data-name=\"gradeadores\"><span class=\"wpcf7-form-control wpcf7-checkbox\"><span class=\"wpcf7-list-item first\"><label><input type=\"checkbox\" name=\"gradeadores[]\" value=\"Gradeador de Madeiras Autom\u00e1tico\" \/><span class=\"wpcf7-list-item-label\">Automatic Lumber Stacker<\/span><\/label><\/span><span class=\"wpcf7-list-item last\"><label><input type=\"checkbox\" name=\"gradeadores[]\" value=\"Gradeador      Compacto\" \/><span class=\"wpcf7-list-item-label\">Gradeador\n      Compacto<\/span><\/label><\/span><\/span><\/span>\n\t\t\t<\/p>\n\t\t\t<h5>Lumber Unstacker\n\t\t\t<\/h5>\n\t\t\t<p><span class=\"wpcf7-form-control-wrap\" data-name=\"desgradeadores\"><span class=\"wpcf7-form-control wpcf7-checkbox\"><span class=\"wpcf7-list-item first\"><label><input type=\"checkbox\" name=\"desgradeadores[]\" value=\"Desgradeador\" \/><span class=\"wpcf7-list-item-label\">Lumber Unstacker<\/span><\/label><\/span><span class=\"wpcf7-list-item last\"><label><input type=\"checkbox\" name=\"desgradeadores[]\" value=\"Desgradeador com Destopador\" \/><span class=\"wpcf7-list-item-label\">Lumber Unstaker With Trimmer<\/span><\/label><\/span><\/span><\/span>\n\t\t\t<\/p>\n\t\t\t<h5>Sawmills\n\t\t\t<\/h5>\n\t\t\t<p><span class=\"wpcf7-form-control-wrap\" data-name=\"serraria\"><span class=\"wpcf7-form-control wpcf7-checkbox\"><span class=\"wpcf7-list-item first\"><label><input type=\"checkbox\" name=\"serraria[]\" value=\"Serra fita Geminada\" \/><span class=\"wpcf7-list-item-label\">Twin Bandsaw<\/span><\/label><\/span><span class=\"wpcf7-list-item\"><label><input type=\"checkbox\" name=\"serraria[]\" value=\"Serra Fita Horizontal\" \/><span class=\"wpcf7-list-item-label\">Horizontal Bandsaw<\/span><\/label><\/span><span class=\"wpcf7-list-item\"><label><input type=\"checkbox\" name=\"serraria[]\" value=\"Serra Fita      Bloco\" \/><span class=\"wpcf7-list-item-label\">Serra Fita\n      Bloco<\/span><\/label><\/span><span class=\"wpcf7-list-item\"><label><input type=\"checkbox\" name=\"serraria[]\" value=\"Serra Circular M\u00faltipla (1 eixo)\" \/><span class=\"wpcf7-list-item-label\">Single Circular Saw<\/span><\/label><\/span><span class=\"wpcf7-list-item\"><label><input type=\"checkbox\" name=\"serraria[]\" value=\"Serra Circular M\u00faltipla (2 eixos)\" \/><span class=\"wpcf7-list-item-label\">Multiple Circular Saw<\/span><\/label><\/span><span class=\"wpcf7-list-item\"><label><input type=\"checkbox\" name=\"serraria[]\" value=\"Destopador\" \/><span class=\"wpcf7-list-item-label\">Trimmer<\/span><\/label><\/span><span class=\"wpcf7-list-item\"><label><input type=\"checkbox\" name=\"serraria[]\" value=\"Destopador Unitizador\" \/><span class=\"wpcf7-list-item-label\">Unitizer Trimmer<\/span><\/label><\/span><span class=\"wpcf7-list-item\"><label><input type=\"checkbox\" name=\"serraria[]\" value=\"Primeiro Corte Horizontal\" \/><span class=\"wpcf7-list-item-label\">Horizontal Bandsaw<\/span><\/label><\/span><span class=\"wpcf7-list-item\"><label><input type=\"checkbox\" name=\"serraria[]\" value=\"Dogueira\" \/><span class=\"wpcf7-list-item-label\">Dog Ear Angle Cutter \/ Trimmer<\/span><\/label><\/span><span class=\"wpcf7-list-item\"><label><input type=\"checkbox\" name=\"serraria[]\" value=\"Cilindrador\" \/><span class=\"wpcf7-list-item-label\">Log Rouder<\/span><\/label><\/span><span class=\"wpcf7-list-item\"><label><input type=\"checkbox\" name=\"serraria[]\" value=\"Posicionador de      toras\" \/><span class=\"wpcf7-list-item-label\">Posicionador de\n      toras<\/span><\/label><\/span><span class=\"wpcf7-list-item last\"><label><input type=\"checkbox\" name=\"serraria[]\" value=\"Separador de serragem\" \/><span class=\"wpcf7-list-item-label\">Sawdust Separator<\/span><\/label><\/span><\/span><\/span>\n\t\t\t<\/p>\n\t\t\t<h5>Classifiers \/ Sorting\n\t\t\t<\/h5>\n\t\t\t<p><span class=\"wpcf7-form-control-wrap\" data-name=\"classificadores\"><span class=\"wpcf7-form-control wpcf7-checkbox\"><span class=\"wpcf7-list-item first\"><label><input type=\"checkbox\" name=\"classificadores[]\" value=\"Classificador de T\u00e1buas\" \/><span class=\"wpcf7-list-item-label\">Board Classifier \/ Sorter<\/span><\/label><\/span><span class=\"wpcf7-list-item last\"><label><input type=\"checkbox\" name=\"classificadores[]\" value=\"Classificador de      toras\" \/><span class=\"wpcf7-list-item-label\">Classificador de\n      toras<\/span><\/label><\/span><\/span><\/span>\n\t\t\t<\/p>\n\t\t\t<h5>M\u00e1quinas Agr\u00edcolas\n\t\t\t<\/h5>\n\t\t\t<p><span class=\"wpcf7-form-control-wrap\" data-name=\"maquinas_agricolas\"><span class=\"wpcf7-form-control wpcf7-checkbox\"><span class=\"wpcf7-list-item first\"><label><input type=\"checkbox\" name=\"maquinas_agricolas[]\" value=\"Impacttus 8000\" \/><span class=\"wpcf7-list-item-label\">Impacttus 8000<\/span><\/label><\/span><span class=\"wpcf7-list-item\"><label><input type=\"checkbox\" name=\"maquinas_agricolas[]\" value=\"Impacttus 12000\" \/><span class=\"wpcf7-list-item-label\">Impacttus 12000<\/span><\/label><\/span><span class=\"wpcf7-list-item last\"><label><input type=\"checkbox\" name=\"maquinas_agricolas[]\" value=\"Impacttus 20000\" \/><span class=\"wpcf7-list-item-label\">Impacttus 20000<\/span><\/label><\/span><\/span><\/span>\n\t\t\t<\/p>\n\t\t\t<h5>Others\n\t\t\t<\/h5>\n\t\t\t<p><span class=\"wpcf7-form-control-wrap\" data-name=\"outros\"><span class=\"wpcf7-form-control wpcf7-checkbox\"><span class=\"wpcf7-list-item first\"><label><input type=\"checkbox\" name=\"outros[]\" value=\"Empacotador\" \/><span class=\"wpcf7-list-item-label\">Packer \/ Baler<\/span><\/label><\/span><span class=\"wpcf7-list-item\"><label><input type=\"checkbox\" name=\"outros[]\" value=\"Prensa\" \/><span class=\"wpcf7-list-item-label\">Packer Press<\/span><\/label><\/span><span class=\"wpcf7-list-item\"><label><input type=\"checkbox\" name=\"outros[]\" value=\"Mesa Roletada\" \/><span class=\"wpcf7-list-item-label\">Mesa Roletada<\/span><\/label><\/span><span class=\"wpcf7-list-item\"><label><input type=\"checkbox\" name=\"outros[]\" value=\"Esteira Centradora      de Blocos\" \/><span class=\"wpcf7-list-item-label\">Esteira Centradora\n      de Blocos<\/span><\/label><\/span><span class=\"wpcf7-list-item\"><label><input type=\"checkbox\" name=\"outros[]\" value=\"Esteira Roletada com Centrador\" \/><span class=\"wpcf7-list-item-label\">Esteira Roletada com Centrador<\/span><\/label><\/span><span class=\"wpcf7-list-item last\"><label><input type=\"checkbox\" name=\"outros[]\" value=\"Esteira transportadora correntes\" \/><span class=\"wpcf7-list-item-label\">Chain Conveyor<\/span><\/label><\/span><\/span><\/span>\n\t\t\t<\/p>\n\t\t\t<div>\n\t\t\t\t<h5>Additional Information\n\t\t\t\t<\/h5>\n\t\t\t\t<p><span class=\"wpcf7-form-control-wrap\" data-name=\"info-adicionais\"><textarea cols=\"40\" rows=\"10\" maxlength=\"2000\" class=\"wpcf7-form-control wpcf7-textarea form-control\" aria-invalid=\"false\" placeholder=\"Use este campo para: detalhes,        personaliza\u00e7\u00f5es, considera\u00e7\u00f5es ou opcionais\" name=\"info-adicionais\"><\/textarea><\/span>\n\t\t\t\t<\/p>\n\t\t\t<\/div>\n\t\t\t<center>\n\t\t\t\t<div id=\"submit\">\n\t\t\t\t\t<p><input class=\"wpcf7-form-control wpcf7-submit has-spinner btn btn-line\" type=\"submit\" value=\"Request\" \/>\n\t\t\t\t\t<\/p>\n\t\t\t\t<\/div>\n\t\t\t<\/center>\n\t\t<\/div>\n\t<\/div>\n<\/div><div class=\"wpcf7-response-output\" aria-hidden=\"true\"><\/div>\n<input type=\"hidden\" name=\"trp-form-language\" value=\"en\"\/><\/form>\n<\/div>\n<\/div><\/div><\/div><div class=\"wpb_column vc_column_container vc_col-sm-2\"><div class=\"vc_column-inner\"><div class=\"wpb_wrapper\">\n\t<div class=\"wpb_text_column wpb_content_element vc_custom_1614962071119\" >\n\t\t<div class=\"wpb_wrapper\">\n\t\t\t<h3 style=\"text-align: center;\">or<\/h3>\n<h3 style=\"text-align: center;\"><a href=\"https:\/\/wa.me\/5549998166956\" target=\"_blank\" rel=\"noopener\"><i class=\"fa fa-whatsapp\"><\/i> Talk to a seller<\/a><\/h3>\n\n\t\t<\/div>\n\t<\/div>\n<\/div><\/div><\/div><\/div><\/div><div class=\"clearfix\"><\/div><\/section>\n<\/div>","protected":false},"excerpt":{"rendered":"Solicita\u00e7\u00e3o de Or\u00e7amento Solicitante Cidade onde ser\u00e1 entregue E-mail Telefone\/WhatsApp para contato Selecione as m\u00e1quinas e equipamentos que deseja or\u00e7ar: Gradeadores Gradeador de Madeiras Autom\u00e1ticoGradeador Compacto Desgradeadores DesgradeadorDesgradeador com Destopador Serraria Serra fita GeminadaSerra Fita HorizontalSerra Fita BlocoSerra Circular M\u00faltipla (1 eixo)Serra Circular M\u00faltipla (2 eixos)DestopadorDestopador UnitizadorPrimeiro Corte HorizontalDogueiraCilindradorPosicionador de torasSeparador de serragem Classificadores Classificador [...]","protected":false},"author":1,"featured_media":0,"parent":0,"menu_order":0,"comment_status":"closed","ping_status":"closed","template":"page-templates\/template-fullwidth.php","meta":{"_joinchat":[],"footnotes":""},"class_list":["post-1550","page","type-page","status-publish","hentry"],"_links":{"self":[{"href":"https:\/\/staging.impactomaquinas.com.br\/en\/wp-json\/wp\/v2\/pages\/1550","targetHints":{"allow":["GET"]}}],"collection":[{"href":"https:\/\/staging.impactomaquinas.com.br\/en\/wp-json\/wp\/v2\/pages"}],"about":[{"href":"https:\/\/staging.impactomaquinas.com.br\/en\/wp-json\/wp\/v2\/types\/page"}],"author":[{"embeddable":true,"href":"https:\/\/staging.impactomaquinas.com.br\/en\/wp-json\/wp\/v2\/users\/1"}],"replies":[{"embeddable":true,"href":"https:\/\/staging.impactomaquinas.com.br\/en\/wp-json\/wp\/v2\/comments?post=1550"}],"version-history":[{"count":4,"href":"https:\/\/staging.impactomaquinas.com.br\/en\/wp-json\/wp\/v2\/pages\/1550\/revisions"}],"predecessor-version":[{"id":1563,"href":"https:\/\/staging.impactomaquinas.com.br\/en\/wp-json\/wp\/v2\/pages\/1550\/revisions\/1563"}],"wp:attachment":[{"href":"https:\/\/staging.impactomaquinas.com.br\/en\/wp-json\/wp\/v2\/media?parent=1550"}],"curies":[{"name":"wp","href":"https:\/\/api.w.org\/{rel}","templated":true}]}}